{"id":31,"date":"2011-11-10T10:08:41","date_gmt":"2011-11-10T10:08:41","guid":{"rendered":"http:\/\/roessler-rechtsanwaelte.de\/?page_id=31"},"modified":"2017-01-02T14:44:44","modified_gmt":"2017-01-02T14:44:44","slug":"impressum","status":"publish","type":"page","link":"https:\/\/roessler-rechtsanwaelte.de\/?page_id=31","title":{"rendered":"Impressum"},"content":{"rendered":"<p><strong>Impressum:<\/strong><\/p>\n<p>R\u00f6\u00dfler Rechtsanw\u00e4lte in B\u00fcrogemeinschaft<\/p>\n<p>&nbsp;<\/p>\n<p>Rechtsanwalt Frank Pretzsch<\/p>\n<p>&nbsp;<\/p>\n<p>&nbsp;<\/p>\n<p><strong>Kontakt:<\/strong><\/p>\n<p>Judeichstra\u00dfe 6, 01099 Dresden<\/p>\n<p>Telefon: \u00a0\u00a0\u00a0\u00a0\u00a0 0351\/8033888 und 0351\/8047720<\/p>\n<p>Telefax:\u00a0\u00a0\u00a0\u00a0\u00a0\u00a0 0351\/8047719<\/p>\n<p>E-Mai:\u00a0\u00a0\u00a0\u00a0\u00a0\u00a0\u00a0\u00a0\u00a0info@roessler-rechtsanwaelte.de<\/p>\n<p>Internet:\u00a0\u00a0\u00a0\u00a0\u00a0 www.roessler-rechtsanwaelte.de<\/p>\n<p>&nbsp;<\/p>\n<p>Die Berufstr\u00e4ger der Rechtsanwaltskanzlei sind deutsche Rechtsanw\u00e4lte. Die Berufsbezeichnung Rechtsanwalt wurde in der Bundesrepublik Deutschland verliehen.<\/p>\n<p>&nbsp;<\/p>\n<p>&nbsp;<\/p>\n<p><strong>S\u00e4mtliche Rechtsanw\u00e4lte der R\u00f6\u00dfler Rechtsanw\u00e4lte in B\u00fcrogemeinschaft sind Mitglieder der: <\/strong><\/p>\n<p>Rechtsanwaltskammer Sachsen &#8211; Kammer des \u00f6ffentlichen Rechts<\/p>\n<p>Glacisstra\u00dfe 6, 01099 Dresden<\/p>\n<p>Telefon: \u00a0\u00a0\u00a0\u00a0\u00a0 0351\/31859-0<\/p>\n<p>Telefax: \u00a0\u00a0\u00a0\u00a0\u00a0 0351\/33608-99<\/p>\n<p>E-Mail: \u00a0\u00a0\u00a0\u00a0\u00a0\u00a0\u00a0 info@rak-sachsen.de<\/p>\n<p>Internet: \u00a0\u00a0\u00a0\u00a0 www.rak-sachsen.de<\/p>\n<p>&nbsp;<\/p>\n<p>&nbsp;<\/p>\n<p><strong>Die berufsrechtlichen Regelungen f\u00fcr die Mitglieder mit der Berufsbezeichnung \u201eRechtsanwalt\u201c sind folgende:<\/strong><\/p>\n<p>&#8211;\u00a0\u00a0\u00a0\u00a0\u00a0\u00a0\u00a0\u00a0\u00a0 Bundesrechtsanwaltsordnung (BRAO)<\/p>\n<p>&#8211;\u00a0\u00a0\u00a0\u00a0\u00a0\u00a0\u00a0\u00a0\u00a0 Rechtsanwaltsverg\u00fctungsgesetz (RVG)<\/p>\n<p>&#8211;\u00a0\u00a0\u00a0\u00a0\u00a0\u00a0\u00a0\u00a0\u00a0 Berufsordnung f\u00fcr Rechtsanw\u00e4lte (BORA)<\/p>\n<p>&#8211;\u00a0\u00a0\u00a0\u00a0\u00a0\u00a0\u00a0\u00a0\u00a0 Fachanwaltsordnung (FAO)<\/p>\n<p>&#8211;\u00a0\u00a0\u00a0\u00a0\u00a0\u00a0\u00a0\u00a0\u00a0 Berufsregeln der Rechtsanw\u00e4lte in der Europ\u00e4ischen Union (CCBE)<\/p>\n<p>&nbsp;<\/p>\n<p>Die berufsrechtlichen Regelungen k\u00f6nnen \u00fcber die Homepage der Bundesrechtsanwaltskammer (www.brak.de) in der Rubrik \u201eBerufsrecht\u201c eingesehen und abgerufen werden.<\/p>\n<p>&nbsp;<\/p>\n<p>&nbsp;<\/p>\n<p><strong>Umsatzsteueridentifikationsnummer:<\/strong><\/p>\n<p>210\/258\/07070<\/p>\n<p>&nbsp;<\/p>\n<p>&nbsp;<\/p>\n<p><strong>Berufsrechtliche Vorgaben zur Berufshaftpflichtversicherung:<\/strong><\/p>\n<p>Aufgrund der Bundesrechtsanwaltsordnung sind Rechtsanw\u00e4ltinnen und Rechtsanw\u00e4lte verpflichtet, eine Berufshaftpflichtversicherung zu unterhalten. Die Einzelheiten ergeben sich aus \u00a7 51 BRAO.<\/p>\n<p><span style=\"text-decoration: underline;\">Berufshaftpflichtversicherer:<\/span><\/p>\n<p>Rechtsanwalt Frank Pretzsch<\/p>\n<p>ERGO Versicherungen AG<\/p>\n<p>&nbsp;<\/p>\n<p>&nbsp;<\/p>\n<p><strong>Interessenkonflikt\/Widerstreitende Interessen:<\/strong><\/p>\n<p>Die Wahrnehmung widerstreitender Interessen ist Rechtsanw\u00e4lten aufgrund berufsrechtlicher Regelungen untersagt (\u00a7 43 a Absatz 4 BRAO). Vor Annahme eines Mandates wird deshalb immer gepr\u00fcft, ob ein Interessenkonflikt vorliegt.<\/p>\n<p>&nbsp;<\/p>\n<p>&nbsp;<\/p>\n<p><strong>Haftungsausschluss:<\/strong><\/p>\n<p>Keine Gew\u00e4hr f\u00fcr die Vollst\u00e4ndigkeit, Aktualit\u00e4t, Korrektheit und Qualit\u00e4t der angebotenen Informationen \u00fcbernimmt der Diensteanbieter. Er ist nicht f\u00fcr den Inhalt der verkn\u00fcpften Seiten verantwortlich und macht sich deren Inhalt nicht zu eigen. Allein der Anbieter der Web-Site haftet f\u00fcr illegale, fehlerhafte oder unvollst\u00e4ndige Inhalte sowie f\u00fcr Sch\u00e4den, welche durch die Nutzung oder Nichtnutzung der Informationen entstehen, auf die verwiesen wurde. Die Haftung desjenigen, der lediglich auf die Ver\u00f6ffentlichung durch einen Link hinweist, ist ausgeschlossen. Es wird darauf hingewiesen, dass die Information im Internet keine konkrete Beratung darstellt und f\u00fcr eventuelle Irrt\u00fcmer diesseits nicht gehaftet wird. Wir behalten uns vor, ausdr\u00fccklich nur Mandanten zu beraten, von deren Identit\u00e4t wir uns \u00fcberzeugt haben.<\/p>\n<p>&nbsp;<\/p>\n<p>&nbsp;<\/p>\n","protected":false},"excerpt":{"rendered":"<p>Impressum: R\u00f6\u00dfler Rechtsanw\u00e4lte in B\u00fcrogemeinschaft &nbsp; Rechtsanwalt Frank Pretzsch &nbsp; &nbsp; Kontakt: Judeichstra\u00dfe 6, 01099 Dresden Telefon: \u00a0\u00a0\u00a0\u00a0\u00a0 0351\/8033888 und 0351\/8047720 Telefax:\u00a0\u00a0\u00a0\u00a0\u00a0\u00a0 0351\/8047719 E-Mai:\u00a0\u00a0\u00a0\u00a0\u00a0\u00a0\u00a0\u00a0\u00a0info@roessler-rechtsanwaelte.de Internet:\u00a0\u00a0\u00a0\u00a0\u00a0 www.roessler-rechtsanwaelte.de &nbsp; Die Berufstr\u00e4ger der Rechtsanwaltskanzlei sind deutsche Rechtsanw\u00e4lte. Die Berufsbezeichnung Rechtsanwalt wurde in der Bundesrepublik Deutschland verliehen. &nbsp; &nbsp; S\u00e4mtliche Rechtsanw\u00e4lte der R\u00f6\u00dfler Rechtsanw\u00e4lte in B\u00fcrogemeinschaft sind Mitglieder der: [&hellip;]<\/p>\n","protected":false},"author":1,"featured_media":0,"parent":0,"menu_order":0,"comment_status":"open","ping_status":"open","template":"","meta":{"footnotes":""},"class_list":["post-31","page","type-page","status-publish","hentry"],"_links":{"self":[{"href":"https:\/\/roessler-rechtsanwaelte.de\/index.php?rest_route=\/wp\/v2\/pages\/31","targetHints":{"allow":["GET"]}}],"collection":[{"href":"https:\/\/roessler-rechtsanwaelte.de\/index.php?rest_route=\/wp\/v2\/pages"}],"about":[{"href":"https:\/\/roessler-rechtsanwaelte.de\/index.php?rest_route=\/wp\/v2\/types\/page"}],"author":[{"embeddable":true,"href":"https:\/\/roessler-rechtsanwaelte.de\/index.php?rest_route=\/wp\/v2\/users\/1"}],"replies":[{"embeddable":true,"href":"https:\/\/roessler-rechtsanwaelte.de\/index.php?rest_route=%2Fwp%2Fv2%2Fcomments&post=31"}],"version-history":[{"count":22,"href":"https:\/\/roessler-rechtsanwaelte.de\/index.php?rest_route=\/wp\/v2\/pages\/31\/revisions"}],"predecessor-version":[{"id":279,"href":"https:\/\/roessler-rechtsanwaelte.de\/index.php?rest_route=\/wp\/v2\/pages\/31\/revisions\/279"}],"wp:attachment":[{"href":"https:\/\/roessler-rechtsanwaelte.de\/index.php?rest_route=%2Fwp%2Fv2%2Fmedia&parent=31"}],"curies":[{"name":"wp","href":"https:\/\/api.w.org\/{rel}","templated":true}]}}