{"id":44,"date":"2011-11-10T09:16:16","date_gmt":"2011-11-10T09:16:16","guid":{"rendered":"http:\/\/roessler-rechtsanwaelte.de\/?page_id=44"},"modified":"2014-08-05T09:31:06","modified_gmt":"2014-08-05T09:31:06","slug":"beratungshilfeprozesskostenhilfe","status":"publish","type":"page","link":"https:\/\/roessler-rechtsanwaelte.de\/?page_id=44","title":{"rendered":"Beratungshilfe\/Prozesskostenhilfe"},"content":{"rendered":"<p style=\"text-align: justify;\"><a href=\"http:\/\/roessler-rechtsanwaelte.de\/wp-content\/uploads\/2011\/11\/1.png\"><img loading=\"lazy\" decoding=\"async\" class=\"size-medium wp-image-171 alignright\" title=\"1\" src=\"http:\/\/roessler-rechtsanwaelte.de\/wp-content\/uploads\/2011\/11\/1-242x300.png\" alt=\"\" width=\"218\" height=\"270\" srcset=\"https:\/\/roessler-rechtsanwaelte.de\/wp-content\/uploads\/2011\/11\/1-242x300.png 242w, https:\/\/roessler-rechtsanwaelte.de\/wp-content\/uploads\/2011\/11\/1.png 473w\" sizes=\"auto, (max-width: 218px) 100vw, 218px\" \/><\/a><\/p>\n<p style=\"text-align: justify;\">.<\/p>\n<p style=\"text-align: justify;\">Sollten Sie aufgrund Ihrer finanziellen und wirtschaftlichen Situation nicht in der Lage sein, f\u00fcr die Kosten f\u00fcr eine rechtliche Beratung, au\u00dfergerichtliche T\u00e4tigkeit oder eines eventuell durchzuf\u00fchrenden Prozesses aufzukommen, besteht die M\u00f6glichkeit der Beratungshilfe bzw. Prozesskostenhilfe.<\/p>\n<p style=\"text-align: justify;\">.<\/p>\n<p style=\"text-align: justify;\">Zum einen k\u00f6nnen Sie f\u00fcr die entstehenden Kosten f\u00fcr die au\u00dfergerichtliche T\u00e4tigkeit des Rechtsanwaltes Beratungshilfe in Anspruch nehmen. Einen diesbez\u00fcglichen Berechtigungsschein k\u00f6nnen Sie bei dem f\u00fcr Sie zust\u00e4ndigen Amtsgericht mit dem <a href=\"http:\/\/roessler-rechtsanwaelte.de\/wp-content\/uploads\/2011\/11\/Antrag-Beratungshilfe.pdf\" target=\"_blank\">Beratungshilfeantrag <\/a>beantragen.<\/p>\n<p style=\"text-align: justify;\">.<\/p>\n<p style=\"text-align: justify;\">Zum anderen k\u00f6nnen Sie f\u00fcr ein gegebenenfalls durchzuf\u00fchrendes Gerichtsverfahren Prozesskostenhilfe beantragen. Hierzu ist ein vollst\u00e4ndig ausgef\u00fcllter <a href=\"http:\/\/roessler-rechtsanwaelte.de\/wp-content\/uploads\/2014\/08\/PKH-Vordruck-Erkl\u00e4rung-pers.-u.-wirtsch.-Verh\u00e4ltnisse-per-Januar-2014.pdf\">PKH Vordruck Erkl\u00e4rung \u00fcber die pers\u00f6nlichen und wirtschaftlichen Verh\u00e4ltnisse <\/a>notwendig.<\/p>\n<p style=\"text-align: justify;\">.<\/p>\n<p style=\"text-align: justify;\">Bei eventuellen R\u00fcckfragen stehen wir Ihnen selbstverst\u00e4ndlich gern auch telefonisch zur Verf\u00fcgung.<\/p>\n<p style=\"text-align: justify;\">.<\/p>\n","protected":false},"excerpt":{"rendered":"<p>. Sollten Sie aufgrund Ihrer finanziellen und wirtschaftlichen Situation nicht in der Lage sein, f\u00fcr die Kosten f\u00fcr eine rechtliche Beratung, au\u00dfergerichtliche T\u00e4tigkeit oder eines eventuell durchzuf\u00fchrenden Prozesses aufzukommen, besteht die M\u00f6glichkeit der Beratungshilfe bzw. Prozesskostenhilfe. . Zum einen k\u00f6nnen Sie f\u00fcr die entstehenden Kosten f\u00fcr die au\u00dfergerichtliche T\u00e4tigkeit des Rechtsanwaltes Beratungshilfe in Anspruch nehmen. [&hellip;]<\/p>\n","protected":false},"author":1,"featured_media":0,"parent":0,"menu_order":0,"comment_status":"open","ping_status":"open","template":"","meta":{"footnotes":""},"class_list":["post-44","page","type-page","status-publish","hentry"],"_links":{"self":[{"href":"https:\/\/roessler-rechtsanwaelte.de\/index.php?rest_route=\/wp\/v2\/pages\/44","targetHints":{"allow":["GET"]}}],"collection":[{"href":"https:\/\/roessler-rechtsanwaelte.de\/index.php?rest_route=\/wp\/v2\/pages"}],"about":[{"href":"https:\/\/roessler-rechtsanwaelte.de\/index.php?rest_route=\/wp\/v2\/types\/page"}],"author":[{"embeddable":true,"href":"https:\/\/roessler-rechtsanwaelte.de\/index.php?rest_route=\/wp\/v2\/users\/1"}],"replies":[{"embeddable":true,"href":"https:\/\/roessler-rechtsanwaelte.de\/index.php?rest_route=%2Fwp%2Fv2%2Fcomments&post=44"}],"version-history":[{"count":18,"href":"https:\/\/roessler-rechtsanwaelte.de\/index.php?rest_route=\/wp\/v2\/pages\/44\/revisions"}],"predecessor-version":[{"id":54,"href":"https:\/\/roessler-rechtsanwaelte.de\/index.php?rest_route=\/wp\/v2\/pages\/44\/revisions\/54"}],"wp:attachment":[{"href":"https:\/\/roessler-rechtsanwaelte.de\/index.php?rest_route=%2Fwp%2Fv2%2Fmedia&parent=44"}],"curies":[{"name":"wp","href":"https:\/\/api.w.org\/{rel}","templated":true}]}}