{"id":6,"date":"2011-11-10T07:06:43","date_gmt":"2011-11-10T07:06:43","guid":{"rendered":"http:\/\/roessler-rechtsanwaelte.de\/?page_id=6"},"modified":"2021-04-11T07:46:14","modified_gmt":"2021-04-11T07:46:14","slug":"uber-uns","status":"publish","type":"page","link":"https:\/\/roessler-rechtsanwaelte.de\/?page_id=6","title":{"rendered":"Kanzlei"},"content":{"rendered":"<p style=\"text-align: justify;\">Im Jahr 1990 wurde die Kanzlei von Herrn Rechtsanwalt Werner R\u00f6\u00dfler gegr\u00fcndet und seit 1998 von den Rechtsanw\u00e4lten Werner R\u00f6\u00dfler und Tilo R\u00f6\u00dfler als Rechtsanw\u00e4lte R\u00f6\u00dfler GbR fortgef\u00fchrt.<\/p>\n<p style=\"text-align: justify;\">Herr Rechtsanwalt Tilo R\u00f6\u00dfler f\u00fchrte die Kanzlei als Rechtsanw\u00e4lte R\u00f6\u00dfler zusammen mit einem angestellten Rechtsanwalt, drei gepr\u00fcften Rechtsfachwirtinnen und einer B\u00fcrokauffrau seit 2009 weiter.<\/p>\n<p style=\"text-align: justify;\">Seit dem Jahr 2017 wird die Kanzlei als R\u00f6\u00dfler Rechtsanw\u00e4lte in B\u00fcrogemeinschaft durch die <strong>Rechtsanw\u00e4lte Frank Pretzsch<\/strong>, <strong>Tilo R\u00f6\u00dfler<\/strong> und <strong>Dr. Stephan Schmitt<\/strong> fortgef\u00fchrt.<\/p>\n<p>Die T\u00e4tigkeitsschwerpunkte der Kanzlei sind:<\/p>\n<ul>\n<li>Personenbef\u00f6rderungsrecht<a href=\"http:\/\/roessler-rechtsanwaelte.de\/wp-content\/uploads\/2011\/11\/Gartenansicht.jpg\"><img loading=\"lazy\" decoding=\"async\" class=\"size-medium wp-image-81 alignright\" title=\"Gartenansicht\" src=\"http:\/\/roessler-rechtsanwaelte.de\/wp-content\/uploads\/2011\/11\/Gartenansicht-300x224.jpg\" alt=\"\" width=\"300\" height=\"224\" srcset=\"https:\/\/roessler-rechtsanwaelte.de\/wp-content\/uploads\/2011\/11\/Gartenansicht-300x224.jpg 300w, https:\/\/roessler-rechtsanwaelte.de\/wp-content\/uploads\/2011\/11\/Gartenansicht-1024x768.jpg 1024w\" sizes=\"auto, (max-width: 300px) 100vw, 300px\" \/><\/a><\/li>\n<li><span style=\"font-size: inherit;\">Strafrecht<\/span><\/li>\n<li><span style=\"font-size: inherit;\">Vertragsrecht<\/span><\/li>\n<li><span style=\"font-size: inherit;\">Gesellschaftsrecht<\/span><\/li>\n<li><span style=\"font-size: inherit;\">Verwaltungsrecht<\/span><\/li>\n<li><span style=\"font-size: inherit;\">Arbeitsrecht<\/span><\/li>\n<li><span style=\"font-size: inherit;\">Verkehrsrecht<\/span><\/li>\n<li><span style=\"font-size: inherit;\">Mietrecht<\/span><\/li>\n<li><span style=\"font-size: inherit;\">Familienrecht<\/span><\/li>\n<li><span style=\"font-size: inherit;\">allgemeines Zivilrecht<\/span><\/li>\n<\/ul>\n<p><a href=\"http:\/\/roessler-rechtsanwaelte.de\/wp-content\/uploads\/2011\/11\/DSC_0749.jpg\"><img loading=\"lazy\" decoding=\"async\" class=\"size-medium wp-image-118 alignleft\" title=\"DSC_0749\" src=\"http:\/\/roessler-rechtsanwaelte.de\/wp-content\/uploads\/2011\/11\/DSC_0749-300x204.jpg\" alt=\"\" width=\"300\" height=\"204\" srcset=\"https:\/\/roessler-rechtsanwaelte.de\/wp-content\/uploads\/2011\/11\/DSC_0749-300x204.jpg 300w, https:\/\/roessler-rechtsanwaelte.de\/wp-content\/uploads\/2011\/11\/DSC_0749.jpg 600w\" sizes=\"auto, (max-width: 300px) 100vw, 300px\" \/><\/a><\/p>\n","protected":false},"excerpt":{"rendered":"<p>Im Jahr 1990 wurde die Kanzlei von Herrn Rechtsanwalt Werner R\u00f6\u00dfler gegr\u00fcndet und seit 1998 von den Rechtsanw\u00e4lten Werner R\u00f6\u00dfler und Tilo R\u00f6\u00dfler als Rechtsanw\u00e4lte R\u00f6\u00dfler GbR fortgef\u00fchrt. Herr Rechtsanwalt Tilo R\u00f6\u00dfler f\u00fchrte die Kanzlei als Rechtsanw\u00e4lte R\u00f6\u00dfler zusammen mit einem angestellten Rechtsanwalt, drei gepr\u00fcften Rechtsfachwirtinnen und einer B\u00fcrokauffrau seit 2009 weiter. Seit dem Jahr [&hellip;]<\/p>\n","protected":false},"author":1,"featured_media":0,"parent":0,"menu_order":0,"comment_status":"open","ping_status":"open","template":"","meta":{"footnotes":""},"class_list":["post-6","page","type-page","status-publish","hentry"],"_links":{"self":[{"href":"https:\/\/roessler-rechtsanwaelte.de\/index.php?rest_route=\/wp\/v2\/pages\/6","targetHints":{"allow":["GET"]}}],"collection":[{"href":"https:\/\/roessler-rechtsanwaelte.de\/index.php?rest_route=\/wp\/v2\/pages"}],"about":[{"href":"https:\/\/roessler-rechtsanwaelte.de\/index.php?rest_route=\/wp\/v2\/types\/page"}],"author":[{"embeddable":true,"href":"https:\/\/roessler-rechtsanwaelte.de\/index.php?rest_route=\/wp\/v2\/users\/1"}],"replies":[{"embeddable":true,"href":"https:\/\/roessler-rechtsanwaelte.de\/index.php?rest_route=%2Fwp%2Fv2%2Fcomments&post=6"}],"version-history":[{"count":26,"href":"https:\/\/roessler-rechtsanwaelte.de\/index.php?rest_route=\/wp\/v2\/pages\/6\/revisions"}],"predecessor-version":[{"id":341,"href":"https:\/\/roessler-rechtsanwaelte.de\/index.php?rest_route=\/wp\/v2\/pages\/6\/revisions\/341"}],"wp:attachment":[{"href":"https:\/\/roessler-rechtsanwaelte.de\/index.php?rest_route=%2Fwp%2Fv2%2Fmedia&parent=6"}],"curies":[{"name":"wp","href":"https:\/\/api.w.org\/{rel}","templated":true}]}}